{"id":382,"date":"2024-04-29T11:03:45","date_gmt":"2024-04-29T09:03:45","guid":{"rendered":"https:\/\/ascensorestroisi.com\/ca\/\/?page_id=382"},"modified":"2024-07-17T15:26:52","modified_gmt":"2024-07-17T13:26:52","slug":"estalvi-energetic-ascensors","status":"publish","type":"page","link":"https:\/\/ascensorestroisi.com\/ca\/estalvi-energetic-ascensors\/","title":{"rendered":"AHORRO ENERG\u00c9TICO PARA ASCENSORES"},"content":{"rendered":"\t\t<div data-elementor-type=\"wp-page\" data-elementor-id=\"382\" class=\"elementor elementor-382\" data-elementor-post-type=\"page\">\n\t\t\t\t\t\t<section class=\"elementor-section elementor-top-section elementor-element elementor-element-7a09327a elementor-section-stretched elementor-section-content-middle elementor-section-boxed elementor-section-height-default elementor-section-height-default\" data-id=\"7a09327a\" data-element_type=\"section\" data-settings=\"{&quot;stretch_section&quot;:&quot;section-stretched&quot;,&quot;background_background&quot;:&quot;gradient&quot;}\">\n\t\t\t\t\t\t<div class=\"elementor-container elementor-column-gap-default\">\n\t\t\t\t\t<div class=\"elementor-column elementor-col-100 elementor-top-column elementor-element elementor-element-4eb31051\" data-id=\"4eb31051\" data-element_type=\"column\">\n\t\t\t<div class=\"elementor-widget-wrap elementor-element-populated\">\n\t\t\t\t\t\t<div class=\"elementor-element elementor-element-f82a0ae elementor-widget elementor-widget-heading\" data-id=\"f82a0ae\" data-element_type=\"widget\" data-widget_type=\"heading.default\">\n\t\t\t\t<div class=\"elementor-widget-container\">\n\t\t\t<style>\/*! elementor - v3.21.0 - 25-04-2024 *\/\n.elementor-heading-title{padding:0;margin:0;line-height:1}.elementor-widget-heading .elementor-heading-title[class*=elementor-size-]>a{color:inherit;font-size:inherit;line-height:inherit}.elementor-widget-heading .elementor-heading-title.elementor-size-small{font-size:15px}.elementor-widget-heading .elementor-heading-title.elementor-size-medium{font-size:19px}.elementor-widget-heading .elementor-heading-title.elementor-size-large{font-size:29px}.elementor-widget-heading .elementor-heading-title.elementor-size-xl{font-size:39px}.elementor-widget-heading .elementor-heading-title.elementor-size-xxl{font-size:59px}<\/style><h1 class=\"elementor-heading-title elementor-size-default\"><b>ESTALVI ENERG\u00c8TIC <\/b>PER ASCENSORS<\/h1>\t\t<\/div>\n\t\t\t\t<\/div>\n\t\t\t\t\t<\/div>\n\t\t<\/div>\n\t\t\t\t\t<\/div>\n\t\t<\/section>\n\t\t\t\t<section class=\"elementor-section elementor-top-section elementor-element elementor-element-4cb22061 elementor-section-boxed elementor-section-height-default elementor-section-height-default\" data-id=\"4cb22061\" data-element_type=\"section\" data-settings=\"{&quot;background_background&quot;:&quot;classic&quot;}\">\n\t\t\t\t\t\t<div class=\"elementor-container elementor-column-gap-default\">\n\t\t\t\t\t<div class=\"elementor-column elementor-col-50 elementor-top-column elementor-element elementor-element-5260a0a2\" data-id=\"5260a0a2\" data-element_type=\"column\">\n\t\t\t<div class=\"elementor-widget-wrap elementor-element-populated\">\n\t\t\t\t\t\t<div class=\"elementor-element elementor-element-185d3cbc elementor-widget elementor-widget-text-editor\" data-id=\"185d3cbc\" data-element_type=\"widget\" data-widget_type=\"text-editor.default\">\n\t\t\t\t<div class=\"elementor-widget-container\">\n\t\t\t<style>\/*! elementor - v3.21.0 - 25-04-2024 *\/\n.elementor-widget-text-editor.elementor-drop-cap-view-stacked .elementor-drop-cap{background-color:#69727d;color:#fff}.elementor-widget-text-editor.elementor-drop-cap-view-framed .elementor-drop-cap{color:#69727d;border:3px solid;background-color:transparent}.elementor-widget-text-editor:not(.elementor-drop-cap-view-default) .elementor-drop-cap{margin-top:8px}.elementor-widget-text-editor:not(.elementor-drop-cap-view-default) .elementor-drop-cap-letter{width:1em;height:1em}.elementor-widget-text-editor .elementor-drop-cap{float:left;text-align:center;line-height:1;font-size:50px}.elementor-widget-text-editor .elementor-drop-cap-letter{display:inline-block}<\/style>\t\t\t\t<p>Avui dia, una de les grans despeses per a les comunitats \u00e9s la factura de la companyia el\u00e8ctrica. Per estalviar en la factura el\u00e8ctrica ja hi ha mitjans amb un molt bon rendiment. Per estalviar electricitat al vostre ascensor,\u00a0TROISI ASCENSORES, us ofereix la possibilitat d&#8217;instal\u00b7lar un sistema de Variaci\u00f3 de freq\u00fc\u00e8ncia que far\u00e0 que puguin baixar d&#8217;entre un i dos esglaons en els trams de facturaci\u00f3 el\u00e8ctrica, aix\u00f2 els assegura que un termini d&#8217;entre un any i un any i mig, el vostre ascensor tindr\u00e0 un estalvi que faci amortitzar la despesa de la instal\u00b7laci\u00f3 d&#8217;aquest aparell.<\/p>\t\t\t\t\t\t<\/div>\n\t\t\t\t<\/div>\n\t\t\t\t\t<\/div>\n\t\t<\/div>\n\t\t\t\t<div class=\"elementor-column elementor-col-50 elementor-top-column elementor-element elementor-element-2f2c4135\" data-id=\"2f2c4135\" data-element_type=\"column\">\n\t\t\t<div class=\"elementor-widget-wrap elementor-element-populated\">\n\t\t\t\t\t\t<div class=\"elementor-element elementor-element-451c50a5 elementor-widget elementor-widget-image\" data-id=\"451c50a5\" data-element_type=\"widget\" data-widget_type=\"image.default\">\n\t\t\t\t<div class=\"elementor-widget-container\">\n\t\t\t<style>\/*! elementor - v3.21.0 - 25-04-2024 *\/\n.elementor-widget-image{text-align:center}.elementor-widget-image a{display:inline-block}.elementor-widget-image a img[src$=\".svg\"]{width:48px}.elementor-widget-image img{vertical-align:middle;display:inline-block}<\/style>\t\t\t\t\t\t\t\t\t\t<img fetchpriority=\"high\" decoding=\"async\" width=\"830\" height=\"674\" src=\"https:\/\/ascensorestroisi.com\/ca\/wp-content\/uploads\/2024\/04\/ahorro_energetico_ascensores.webp\" class=\"attachment-full size-full wp-image-385\" alt=\"ahorro energ\u00e9tico ascensores\" srcset=\"https:\/\/ascensorestroisi.com\/ca\/wp-content\/uploads\/2024\/04\/ahorro_energetico_ascensores.webp 830w, https:\/\/ascensorestroisi.com\/ca\/wp-content\/uploads\/2024\/04\/ahorro_energetico_ascensores-300x244.webp 300w, https:\/\/ascensorestroisi.com\/ca\/wp-content\/uploads\/2024\/04\/ahorro_energetico_ascensores-768x624.webp 768w\" sizes=\"(max-width: 830px) 100vw, 830px\" \/>\t\t\t\t\t\t\t\t\t\t\t\t\t<\/div>\n\t\t\t\t<\/div>\n\t\t\t\t\t<\/div>\n\t\t<\/div>\n\t\t\t\t\t<\/div>\n\t\t<\/section>\n\t\t\t\t<section class=\"elementor-section elementor-top-section elementor-element elementor-element-23046454 elementor-section-boxed elementor-section-height-default elementor-section-height-default\" data-id=\"23046454\" data-element_type=\"section\" data-settings=\"{&quot;background_background&quot;:&quot;classic&quot;}\">\n\t\t\t\t\t\t<div class=\"elementor-container elementor-column-gap-wider\">\n\t\t\t\t\t<div class=\"elementor-column elementor-col-50 elementor-top-column elementor-element elementor-element-48c98383\" data-id=\"48c98383\" data-element_type=\"column\">\n\t\t\t<div class=\"elementor-widget-wrap elementor-element-populated\">\n\t\t\t\t\t\t<div class=\"elementor-element elementor-element-375d6850 elementor-widget elementor-widget-heading\" data-id=\"375d6850\" data-element_type=\"widget\" data-widget_type=\"heading.default\">\n\t\t\t\t<div class=\"elementor-widget-container\">\n\t\t\t<h2 class=\"elementor-heading-title elementor-size-default\">contacte amb nosaltres<\/h2>\t\t<\/div>\n\t\t\t\t<\/div>\n\t\t\t\t<div class=\"elementor-element elementor-element-d03c3e3 elementor-widget elementor-widget-text-editor\" data-id=\"d03c3e3\" data-element_type=\"widget\" data-widget_type=\"text-editor.default\">\n\t\t\t\t<div class=\"elementor-widget-container\">\n\t\t\t\t\t\t\t<p>Si teniu qualsevol dubte o necessiteu un pressupost, no dubteu a contactar amb nosaltres via telef\u00f2nica o pel nostre formulari web.<\/p>\t\t\t\t\t\t<\/div>\n\t\t\t\t<\/div>\n\t\t\t\t<div class=\"elementor-element elementor-element-41d3d6dc elementor-align-center elementor-mobile-align-center elementor-widget elementor-widget-button\" data-id=\"41d3d6dc\" data-element_type=\"widget\" data-widget_type=\"button.default\">\n\t\t\t\t<div class=\"elementor-widget-container\">\n\t\t\t\t\t<div class=\"elementor-button-wrapper\">\n\t\t\t<a class=\"elementor-button elementor-button-link elementor-size-sm\" href=\"tel:933527072\">\n\t\t\t\t\t\t<span class=\"elementor-button-content-wrapper\">\n\t\t\t\t\t\t<span class=\"elementor-button-icon elementor-align-icon-right\">\n\t\t\t\t<svg aria-hidden=\"true\" class=\"e-font-icon-svg e-fas-phone\" viewBox=\"0 0 512 512\" xmlns=\"http:\/\/www.w3.org\/2000\/svg\"><path d=\"M493.4 24.6l-104-24c-11.3-2.6-22.9 3.3-27.5 13.9l-48 112c-4.2 9.8-1.4 21.3 6.9 28l60.6 49.6c-36 76.7-98.9 140.5-177.2 177.2l-49.6-60.6c-6.8-8.3-18.2-11.1-28-6.9l-112 48C3.9 366.5-2 378.1.6 389.4l24 104C27.1 504.2 36.7 512 48 512c256.1 0 464-207.5 464-464 0-11.2-7.7-20.9-18.6-23.4z\"><\/path><\/svg>\t\t\t<\/span>\n\t\t\t\t\t\t\t\t\t<span class=\"elementor-button-text\">TRUCA'NS AL 933 52 70 72<\/span>\n\t\t\t\t\t<\/span>\n\t\t\t\t\t<\/a>\n\t\t<\/div>\n\t\t\t\t<\/div>\n\t\t\t\t<\/div>\n\t\t\t\t\t<\/div>\n\t\t<\/div>\n\t\t\t\t<div class=\"elementor-column elementor-col-50 elementor-top-column elementor-element elementor-element-ba71a28\" data-id=\"ba71a28\" data-element_type=\"column\" data-settings=\"{&quot;background_background&quot;:&quot;classic&quot;}\">\n\t\t\t<div class=\"elementor-widget-wrap elementor-element-populated\">\n\t\t\t\t\t\t<div class=\"elementor-element elementor-element-3f5b7b28 elementor-widget elementor-widget-image\" data-id=\"3f5b7b28\" data-element_type=\"widget\" data-widget_type=\"image.default\">\n\t\t\t\t<div class=\"elementor-widget-container\">\n\t\t\t\t\t\t\t\t\t\t\t\t\t<img decoding=\"async\" width=\"894\" height=\"448\" src=\"https:\/\/ascensorestroisi.com\/ca\/wp-content\/uploads\/2024\/04\/contacta_ascensores_troisi.webp\" class=\"attachment-full size-full wp-image-405\" alt=\"contacta ascensors troisi\" srcset=\"https:\/\/ascensorestroisi.com\/ca\/wp-content\/uploads\/2024\/04\/contacta_ascensores_troisi.webp 894w, https:\/\/ascensorestroisi.com\/ca\/wp-content\/uploads\/2024\/04\/contacta_ascensores_troisi-300x150.webp 300w, https:\/\/ascensorestroisi.com\/ca\/wp-content\/uploads\/2024\/04\/contacta_ascensores_troisi-768x385.webp 768w\" sizes=\"(max-width: 894px) 100vw, 894px\" \/>\t\t\t\t\t\t\t\t\t\t\t\t\t<\/div>\n\t\t\t\t<\/div>\n\t\t\t\t\t<\/div>\n\t\t<\/div>\n\t\t\t\t\t<\/div>\n\t\t<\/section>\n\t\t\t\t<\/div>\n\t\t","protected":false},"excerpt":{"rendered":"<p>ESTALVI ENERG\u00c8TIC PER ASCENSORS Avui dia, una de les grans despeses per a les comunitats \u00e9s la factura de la [&hellip;]<\/p>\n","protected":false},"author":1,"featured_media":0,"parent":0,"menu_order":0,"comment_status":"closed","ping_status":"closed","template":"elementor_header_footer","meta":{"site-sidebar-layout":"no-sidebar","site-content-layout":"","ast-site-content-layout":"full-width-container","site-content-style":"default","site-sidebar-style":"default","ast-global-header-display":"","ast-banner-title-visibility":"","ast-main-header-display":"","ast-hfb-above-header-display":"","ast-hfb-below-header-display":"","ast-hfb-mobile-header-display":"","site-post-title":"disabled","ast-breadcrumbs-content":"","ast-featured-img":"disabled","footer-sml-layout":"","theme-transparent-header-meta":"","adv-header-id-meta":"","stick-header-meta":"","header-above-stick-meta":"","header-main-stick-meta":"","header-below-stick-meta":"","astra-migrate-meta-layouts":"default","ast-page-background-enabled":"default","ast-page-background-meta":{"desktop":{"background-color":"var(--ast-global-color-4)","background-image":"","background-repeat":"repeat","background-position":"center center","background-size":"auto","background-attachment":"scroll","background-type":"","background-media":"","overlay-type":"","overlay-color":"","overlay-gradient":""},"tablet":{"background-color":"","background-image":"","background-repeat":"repeat","background-position":"center center","background-size":"auto","background-attachment":"scroll","background-type":"","background-media":"","overlay-type":"","overlay-color":"","overlay-gradient":""},"mobile":{"background-color":"","background-image":"","background-repeat":"repeat","background-position":"center center","background-size":"auto","background-attachment":"scroll","background-type":"","background-media":"","overlay-type":"","overlay-color":"","overlay-gradient":""}},"ast-content-background-meta":{"desktop":{"background-color":"var(--ast-global-color-5)","background-image":"","background-repeat":"repeat","background-position":"center center","background-size":"auto","background-attachment":"scroll","background-type":"","background-media":"","overlay-type":"","overlay-color":"","overlay-gradient":""},"tablet":{"background-color":"var(--ast-global-color-5)","background-image":"","background-repeat":"repeat","background-position":"center center","background-size":"auto","background-attachment":"scroll","background-type":"","background-media":"","overlay-type":"","overlay-color":"","overlay-gradient":""},"mobile":{"background-color":"var(--ast-global-color-5)","background-image":"","background-repeat":"repeat","background-position":"center center","background-size":"auto","background-attachment":"scroll","background-type":"","background-media":"","overlay-type":"","overlay-color":"","overlay-gradient":""}},"footnotes":""},"class_list":["post-382","page","type-page","status-publish","hentry"],"yoast_head":"<!-- This site is optimized with the Yoast SEO plugin v23.0 - https:\/\/yoast.com\/wordpress\/plugins\/seo\/ -->\n<title>Estalvi energ\u00e8tic per a ascensors<\/title>\n<meta name=\"description\" content=\"ASCENSORS TROISI. Avui dia, una de les grans despeses per a les comunitats \u00e9s la factura de la companyia el\u00e8ctrica.\" \/>\n<meta name=\"robots\" content=\"index, follow, max-snippet:-1, max-image-preview:large, max-video-preview:-1\" \/>\n<link rel=\"canonical\" href=\"https:\/\/ascensorestroisi.com\/ca\/estalvi-energetic-ascensors\/\" \/>\n<meta property=\"og:locale\" content=\"es_ES\" \/>\n<meta property=\"og:type\" content=\"article\" \/>\n<meta property=\"og:title\" content=\"Estalvi energ\u00e8tic per a ascensors\" \/>\n<meta property=\"og:description\" content=\"ASCENSORS TROISI. Avui dia, una de les grans despeses per a les comunitats \u00e9s la factura de la companyia el\u00e8ctrica.\" \/>\n<meta property=\"og:url\" content=\"https:\/\/ascensorestroisi.com\/ca\/estalvi-energetic-ascensors\/\" \/>\n<meta property=\"article:modified_time\" content=\"2024-07-17T13:26:52+00:00\" \/>\n<meta property=\"og:image\" content=\"https:\/\/ascensorestroisi.com\/ca\/wp-content\/uploads\/2024\/04\/ahorro_energetico_ascensores.webp\" \/>\n<meta name=\"twitter:card\" content=\"summary_large_image\" \/>\n<meta name=\"twitter:label1\" content=\"Tiempo de lectura\" \/>\n\t<meta name=\"twitter:data1\" content=\"1 minuto\" \/>\n<script type=\"application\/ld+json\" class=\"yoast-schema-graph\">{\"@context\":\"https:\/\/schema.org\",\"@graph\":[{\"@type\":\"WebPage\",\"@id\":\"https:\/\/ascensorestroisi.com\/ca\/estalvi-energetic-ascensors\/\",\"url\":\"https:\/\/ascensorestroisi.com\/ca\/estalvi-energetic-ascensors\/\",\"name\":\"Estalvi energ\u00e8tic per a ascensors\",\"isPartOf\":{\"@id\":\"https:\/\/ascensorestroisi.com\/ca\/#website\"},\"primaryImageOfPage\":{\"@id\":\"https:\/\/ascensorestroisi.com\/ca\/estalvi-energetic-ascensors\/#primaryimage\"},\"image\":{\"@id\":\"https:\/\/ascensorestroisi.com\/ca\/estalvi-energetic-ascensors\/#primaryimage\"},\"thumbnailUrl\":\"https:\/\/ascensorestroisi.com\/ca\/wp-content\/uploads\/2024\/04\/ahorro_energetico_ascensores.webp\",\"datePublished\":\"2024-04-29T09:03:45+00:00\",\"dateModified\":\"2024-07-17T13:26:52+00:00\",\"description\":\"ASCENSORS TROISI. Avui dia, una de les grans despeses per a les comunitats \u00e9s la factura de la companyia el\u00e8ctrica.\",\"breadcrumb\":{\"@id\":\"https:\/\/ascensorestroisi.com\/ca\/estalvi-energetic-ascensors\/#breadcrumb\"},\"inLanguage\":\"es\",\"potentialAction\":[{\"@type\":\"ReadAction\",\"target\":[\"https:\/\/ascensorestroisi.com\/ca\/estalvi-energetic-ascensors\/\"]}]},{\"@type\":\"ImageObject\",\"inLanguage\":\"es\",\"@id\":\"https:\/\/ascensorestroisi.com\/ca\/estalvi-energetic-ascensors\/#primaryimage\",\"url\":\"https:\/\/ascensorestroisi.com\/ca\/wp-content\/uploads\/2024\/04\/ahorro_energetico_ascensores.webp\",\"contentUrl\":\"https:\/\/ascensorestroisi.com\/ca\/wp-content\/uploads\/2024\/04\/ahorro_energetico_ascensores.webp\",\"width\":830,\"height\":674,\"caption\":\"ahorro energ\u00e9tico ascensores\"},{\"@type\":\"BreadcrumbList\",\"@id\":\"https:\/\/ascensorestroisi.com\/ca\/estalvi-energetic-ascensors\/#breadcrumb\",\"itemListElement\":[{\"@type\":\"ListItem\",\"position\":1,\"name\":\"Portada\",\"item\":\"https:\/\/ascensorestroisi.com\/ca\/\"},{\"@type\":\"ListItem\",\"position\":2,\"name\":\"AHORRO ENERG\u00c9TICO PARA ASCENSORES\"}]},{\"@type\":\"WebSite\",\"@id\":\"https:\/\/ascensorestroisi.com\/ca\/#website\",\"url\":\"https:\/\/ascensorestroisi.com\/ca\/\",\"name\":\"\",\"description\":\"\",\"potentialAction\":[{\"@type\":\"SearchAction\",\"target\":{\"@type\":\"EntryPoint\",\"urlTemplate\":\"https:\/\/ascensorestroisi.com\/ca\/?s={search_term_string}\"},\"query-input\":\"required name=search_term_string\"}],\"inLanguage\":\"es\"}]}<\/script>\n<!-- \/ Yoast SEO plugin. -->","yoast_head_json":{"title":"Estalvi energ\u00e8tic per a ascensors","description":"ASCENSORS TROISI. Avui dia, una de les grans despeses per a les comunitats \u00e9s la factura de la companyia el\u00e8ctrica.","robots":{"index":"index","follow":"follow","max-snippet":"max-snippet:-1","max-image-preview":"max-image-preview:large","max-video-preview":"max-video-preview:-1"},"canonical":"https:\/\/ascensorestroisi.com\/ca\/estalvi-energetic-ascensors\/","og_locale":"es_ES","og_type":"article","og_title":"Estalvi energ\u00e8tic per a ascensors","og_description":"ASCENSORS TROISI. Avui dia, una de les grans despeses per a les comunitats \u00e9s la factura de la companyia el\u00e8ctrica.","og_url":"https:\/\/ascensorestroisi.com\/ca\/estalvi-energetic-ascensors\/","article_modified_time":"2024-07-17T13:26:52+00:00","og_image":[{"url":"https:\/\/ascensorestroisi.com\/ca\/wp-content\/uploads\/2024\/04\/ahorro_energetico_ascensores.webp"}],"twitter_card":"summary_large_image","twitter_misc":{"Tiempo de lectura":"1 minuto"},"schema":{"@context":"https:\/\/schema.org","@graph":[{"@type":"WebPage","@id":"https:\/\/ascensorestroisi.com\/ca\/estalvi-energetic-ascensors\/","url":"https:\/\/ascensorestroisi.com\/ca\/estalvi-energetic-ascensors\/","name":"Estalvi energ\u00e8tic per a ascensors","isPartOf":{"@id":"https:\/\/ascensorestroisi.com\/ca\/#website"},"primaryImageOfPage":{"@id":"https:\/\/ascensorestroisi.com\/ca\/estalvi-energetic-ascensors\/#primaryimage"},"image":{"@id":"https:\/\/ascensorestroisi.com\/ca\/estalvi-energetic-ascensors\/#primaryimage"},"thumbnailUrl":"https:\/\/ascensorestroisi.com\/ca\/wp-content\/uploads\/2024\/04\/ahorro_energetico_ascensores.webp","datePublished":"2024-04-29T09:03:45+00:00","dateModified":"2024-07-17T13:26:52+00:00","description":"ASCENSORS TROISI. Avui dia, una de les grans despeses per a les comunitats \u00e9s la factura de la companyia el\u00e8ctrica.","breadcrumb":{"@id":"https:\/\/ascensorestroisi.com\/ca\/estalvi-energetic-ascensors\/#breadcrumb"},"inLanguage":"es","potentialAction":[{"@type":"ReadAction","target":["https:\/\/ascensorestroisi.com\/ca\/estalvi-energetic-ascensors\/"]}]},{"@type":"ImageObject","inLanguage":"es","@id":"https:\/\/ascensorestroisi.com\/ca\/estalvi-energetic-ascensors\/#primaryimage","url":"https:\/\/ascensorestroisi.com\/ca\/wp-content\/uploads\/2024\/04\/ahorro_energetico_ascensores.webp","contentUrl":"https:\/\/ascensorestroisi.com\/ca\/wp-content\/uploads\/2024\/04\/ahorro_energetico_ascensores.webp","width":830,"height":674,"caption":"ahorro energ\u00e9tico ascensores"},{"@type":"BreadcrumbList","@id":"https:\/\/ascensorestroisi.com\/ca\/estalvi-energetic-ascensors\/#breadcrumb","itemListElement":[{"@type":"ListItem","position":1,"name":"Portada","item":"https:\/\/ascensorestroisi.com\/ca\/"},{"@type":"ListItem","position":2,"name":"AHORRO ENERG\u00c9TICO PARA ASCENSORES"}]},{"@type":"WebSite","@id":"https:\/\/ascensorestroisi.com\/ca\/#website","url":"https:\/\/ascensorestroisi.com\/ca\/","name":"","description":"","potentialAction":[{"@type":"SearchAction","target":{"@type":"EntryPoint","urlTemplate":"https:\/\/ascensorestroisi.com\/ca\/?s={search_term_string}"},"query-input":"required name=search_term_string"}],"inLanguage":"es"}]}},"_links":{"self":[{"href":"https:\/\/ascensorestroisi.com\/ca\/wp-json\/wp\/v2\/pages\/382","targetHints":{"allow":["GET"]}}],"collection":[{"href":"https:\/\/ascensorestroisi.com\/ca\/wp-json\/wp\/v2\/pages"}],"about":[{"href":"https:\/\/ascensorestroisi.com\/ca\/wp-json\/wp\/v2\/types\/page"}],"author":[{"embeddable":true,"href":"https:\/\/ascensorestroisi.com\/ca\/wp-json\/wp\/v2\/users\/1"}],"replies":[{"embeddable":true,"href":"https:\/\/ascensorestroisi.com\/ca\/wp-json\/wp\/v2\/comments?post=382"}],"version-history":[{"count":10,"href":"https:\/\/ascensorestroisi.com\/ca\/wp-json\/wp\/v2\/pages\/382\/revisions"}],"predecessor-version":[{"id":997,"href":"https:\/\/ascensorestroisi.com\/ca\/wp-json\/wp\/v2\/pages\/382\/revisions\/997"}],"wp:attachment":[{"href":"https:\/\/ascensorestroisi.com\/ca\/wp-json\/wp\/v2\/media?parent=382"}],"curies":[{"name":"wp","href":"https:\/\/api.w.org\/{rel}","templated":true}]}}