{"id":506,"date":"2024-04-29T13:15:20","date_gmt":"2024-04-29T11:15:20","guid":{"rendered":"https:\/\/ascensorestroisi.com\/ca\/\/?page_id=506"},"modified":"2024-07-17T16:21:17","modified_gmt":"2024-07-17T14:21:17","slug":"castelldefels","status":"publish","type":"page","link":"https:\/\/ascensorestroisi.com\/ca\/castelldefels\/","title":{"rendered":"ASCENSOR CASTELLDEFELS"},"content":{"rendered":"\t\t<div data-elementor-type=\"wp-page\" data-elementor-id=\"506\" class=\"elementor elementor-506\" data-elementor-post-type=\"page\">\n\t\t\t\t\t\t<section class=\"elementor-section elementor-top-section elementor-element elementor-element-49d29149 elementor-section-stretched elementor-section-content-middle elementor-section-boxed elementor-section-height-default elementor-section-height-default\" data-id=\"49d29149\" data-element_type=\"section\" data-settings=\"{&quot;stretch_section&quot;:&quot;section-stretched&quot;,&quot;background_background&quot;:&quot;gradient&quot;}\">\n\t\t\t\t\t\t<div class=\"elementor-container elementor-column-gap-default\">\n\t\t\t\t\t<div class=\"elementor-column elementor-col-50 elementor-top-column elementor-element elementor-element-2a8977fa\" data-id=\"2a8977fa\" data-element_type=\"column\">\n\t\t\t<div class=\"elementor-widget-wrap elementor-element-populated\">\n\t\t\t\t\t\t<div class=\"elementor-element elementor-element-1cfa914f elementor-widget elementor-widget-heading\" data-id=\"1cfa914f\" data-element_type=\"widget\" data-widget_type=\"heading.default\">\n\t\t\t\t<div class=\"elementor-widget-container\">\n\t\t\t<style>\/*! elementor - v3.21.0 - 25-04-2024 *\/\n.elementor-heading-title{padding:0;margin:0;line-height:1}.elementor-widget-heading .elementor-heading-title[class*=elementor-size-]>a{color:inherit;font-size:inherit;line-height:inherit}.elementor-widget-heading .elementor-heading-title.elementor-size-small{font-size:15px}.elementor-widget-heading .elementor-heading-title.elementor-size-medium{font-size:19px}.elementor-widget-heading .elementor-heading-title.elementor-size-large{font-size:29px}.elementor-widget-heading .elementor-heading-title.elementor-size-xl{font-size:39px}.elementor-widget-heading .elementor-heading-title.elementor-size-xxl{font-size:59px}<\/style><h1 class=\"elementor-heading-title elementor-size-default\">Ascensor <b>CASTELLDEFELS<\/b><\/h1>\t\t<\/div>\n\t\t\t\t<\/div>\n\t\t\t\t<div class=\"elementor-element elementor-element-3fd4001f elementor-widget elementor-widget-heading\" data-id=\"3fd4001f\" data-element_type=\"widget\" data-widget_type=\"heading.default\">\n\t\t\t\t<div class=\"elementor-widget-container\">\n\t\t\t<p class=\"elementor-heading-title elementor-size-default\">LA SEVA FINCA, ENCARA NO T\u00c9 ASCENSOR?, <strong>TROISI ASCENSORS<\/strong>, ELS OFEREIX LA SOLUCI\u00d3.<\/p>\t\t<\/div>\n\t\t\t\t<\/div>\n\t\t\t\t<div class=\"elementor-element elementor-element-38ab33e6 elementor-align-left elementor-mobile-align-center elementor-widget elementor-widget-button\" data-id=\"38ab33e6\" data-element_type=\"widget\" data-widget_type=\"button.default\">\n\t\t\t\t<div class=\"elementor-widget-container\">\n\t\t\t\t\t<div class=\"elementor-button-wrapper\">\n\t\t\t<a class=\"elementor-button elementor-button-link elementor-size-sm\" href=\"\/ca\/contacte\/\">\n\t\t\t\t\t\t<span class=\"elementor-button-content-wrapper\">\n\t\t\t\t\t\t\t\t\t<span class=\"elementor-button-text\">CONTACTEU-NOS SENSE COMPROM\u00cdS<\/span>\n\t\t\t\t\t<\/span>\n\t\t\t\t\t<\/a>\n\t\t<\/div>\n\t\t\t\t<\/div>\n\t\t\t\t<\/div>\n\t\t\t\t\t<\/div>\n\t\t<\/div>\n\t\t\t\t<div class=\"elementor-column elementor-col-50 elementor-top-column elementor-element elementor-element-4a859de9\" data-id=\"4a859de9\" data-element_type=\"column\">\n\t\t\t<div class=\"elementor-widget-wrap elementor-element-populated\">\n\t\t\t\t\t\t<div class=\"elementor-element elementor-element-71a9335 elementor-absolute elementor-widget elementor-widget-image\" data-id=\"71a9335\" data-element_type=\"widget\" data-settings=\"{&quot;_position&quot;:&quot;absolute&quot;}\" data-widget_type=\"image.default\">\n\t\t\t\t<div class=\"elementor-widget-container\">\n\t\t\t<style>\/*! elementor - v3.21.0 - 25-04-2024 *\/\n.elementor-widget-image{text-align:center}.elementor-widget-image a{display:inline-block}.elementor-widget-image a img[src$=\".svg\"]{width:48px}.elementor-widget-image img{vertical-align:middle;display:inline-block}<\/style>\t\t\t\t\t\t\t\t\t\t<img fetchpriority=\"high\" decoding=\"async\" width=\"1254\" height=\"1254\" src=\"https:\/\/ascensorestroisi.com\/ca\/wp-content\/uploads\/2024\/04\/forma_hero_detras.webp\" class=\"attachment-full size-full wp-image-26\" alt=\"forma hero detras\" srcset=\"https:\/\/ascensorestroisi.com\/ca\/wp-content\/uploads\/2024\/04\/forma_hero_detras.webp 1254w, https:\/\/ascensorestroisi.com\/ca\/wp-content\/uploads\/2024\/04\/forma_hero_detras-300x300.webp 300w, https:\/\/ascensorestroisi.com\/ca\/wp-content\/uploads\/2024\/04\/forma_hero_detras-1024x1024.webp 1024w, https:\/\/ascensorestroisi.com\/ca\/wp-content\/uploads\/2024\/04\/forma_hero_detras-150x150.webp 150w, https:\/\/ascensorestroisi.com\/ca\/wp-content\/uploads\/2024\/04\/forma_hero_detras-768x768.webp 768w\" sizes=\"(max-width: 1254px) 100vw, 1254px\" \/>\t\t\t\t\t\t\t\t\t\t\t\t\t<\/div>\n\t\t\t\t<\/div>\n\t\t\t\t<div class=\"elementor-element elementor-element-e702847 elementor-absolute elementor-widget elementor-widget-image\" data-id=\"e702847\" data-element_type=\"widget\" data-settings=\"{&quot;_position&quot;:&quot;absolute&quot;}\" data-widget_type=\"image.default\">\n\t\t\t\t<div class=\"elementor-widget-container\">\n\t\t\t\t\t\t\t\t\t\t\t\t\t<img decoding=\"async\" width=\"1254\" height=\"1254\" src=\"https:\/\/ascensorestroisi.com\/ca\/wp-content\/uploads\/2024\/04\/ascensor_badalona.webp\" class=\"attachment-full size-full wp-image-499\" alt=\"ascensor badalona\" srcset=\"https:\/\/ascensorestroisi.com\/ca\/wp-content\/uploads\/2024\/04\/ascensor_badalona.webp 1254w, https:\/\/ascensorestroisi.com\/ca\/wp-content\/uploads\/2024\/04\/ascensor_badalona-300x300.webp 300w, https:\/\/ascensorestroisi.com\/ca\/wp-content\/uploads\/2024\/04\/ascensor_badalona-1024x1024.webp 1024w, https:\/\/ascensorestroisi.com\/ca\/wp-content\/uploads\/2024\/04\/ascensor_badalona-150x150.webp 150w, https:\/\/ascensorestroisi.com\/ca\/wp-content\/uploads\/2024\/04\/ascensor_badalona-768x768.webp 768w\" sizes=\"(max-width: 1254px) 100vw, 1254px\" \/>\t\t\t\t\t\t\t\t\t\t\t\t\t<\/div>\n\t\t\t\t<\/div>\n\t\t\t\t<div class=\"elementor-element elementor-element-15c5c906 elementor-absolute elementor-widget elementor-widget-image\" data-id=\"15c5c906\" data-element_type=\"widget\" data-settings=\"{&quot;_position&quot;:&quot;absolute&quot;}\" data-widget_type=\"image.default\">\n\t\t\t\t<div class=\"elementor-widget-container\">\n\t\t\t\t\t\t\t\t\t\t\t\t\t<img decoding=\"async\" width=\"1254\" height=\"1254\" src=\"https:\/\/ascensorestroisi.com\/ca\/wp-content\/uploads\/2024\/04\/forma_hero_delante.webp\" class=\"attachment-full size-full wp-image-27\" alt=\"forma here delante\" srcset=\"https:\/\/ascensorestroisi.com\/ca\/wp-content\/uploads\/2024\/04\/forma_hero_delante.webp 1254w, https:\/\/ascensorestroisi.com\/ca\/wp-content\/uploads\/2024\/04\/forma_hero_delante-300x300.webp 300w, https:\/\/ascensorestroisi.com\/ca\/wp-content\/uploads\/2024\/04\/forma_hero_delante-1024x1024.webp 1024w, https:\/\/ascensorestroisi.com\/ca\/wp-content\/uploads\/2024\/04\/forma_hero_delante-150x150.webp 150w, https:\/\/ascensorestroisi.com\/ca\/wp-content\/uploads\/2024\/04\/forma_hero_delante-768x768.webp 768w\" sizes=\"(max-width: 1254px) 100vw, 1254px\" \/>\t\t\t\t\t\t\t\t\t\t\t\t\t<\/div>\n\t\t\t\t<\/div>\n\t\t\t\t\t<\/div>\n\t\t<\/div>\n\t\t\t\t\t<\/div>\n\t\t<\/section>\n\t\t\t\t<section class=\"elementor-section elementor-top-section elementor-element elementor-element-2df6fd9e elementor-section-boxed elementor-section-height-default elementor-section-height-default\" data-id=\"2df6fd9e\" data-element_type=\"section\" data-settings=\"{&quot;background_background&quot;:&quot;classic&quot;}\">\n\t\t\t\t\t\t<div class=\"elementor-container elementor-column-gap-default\">\n\t\t\t\t\t<div class=\"elementor-column elementor-col-100 elementor-top-column elementor-element elementor-element-6d63ca8e\" data-id=\"6d63ca8e\" data-element_type=\"column\">\n\t\t\t<div class=\"elementor-widget-wrap elementor-element-populated\">\n\t\t\t\t\t\t<div class=\"elementor-element elementor-element-51ec9e9e elementor-widget elementor-widget-text-editor\" data-id=\"51ec9e9e\" data-element_type=\"widget\" data-widget_type=\"text-editor.default\">\n\t\t\t\t<div class=\"elementor-widget-container\">\n\t\t\t<style>\/*! elementor - v3.21.0 - 25-04-2024 *\/\n.elementor-widget-text-editor.elementor-drop-cap-view-stacked .elementor-drop-cap{background-color:#69727d;color:#fff}.elementor-widget-text-editor.elementor-drop-cap-view-framed .elementor-drop-cap{color:#69727d;border:3px solid;background-color:transparent}.elementor-widget-text-editor:not(.elementor-drop-cap-view-default) .elementor-drop-cap{margin-top:8px}.elementor-widget-text-editor:not(.elementor-drop-cap-view-default) .elementor-drop-cap-letter{width:1em;height:1em}.elementor-widget-text-editor .elementor-drop-cap{float:left;text-align:center;line-height:1;font-size:50px}.elementor-widget-text-editor .elementor-drop-cap-letter{display:inline-block}<\/style>\t\t\t\t<p class=\"western\" align=\"justify\">A l&#8217;hora d&#8217;instal\u00b7lar un\u00a0<b>ascensor comunitari\u00a0<\/b>i fins i tot un\u00a0<b>elevador dom\u00e8stic\u00a0<\/b>en un edifici d&#8217;antiga construcci\u00f3 que mai ha comptat amb un dispositiu d&#8217;aquestes caracter\u00edstiques s\u00f3n molts els factors que s&#8217;han de tenir en compte:\u00a0<b>estudis arquitect\u00f2nics\u00a0<\/b>de l&#8217;edifici, permisos d&#8217;obra, recerca i tramitaci\u00f3 de subvencions, etc.<\/p><p class=\"western\" align=\"justify\">En\u00a0<b>Troisi Ascensors\u00a0<\/b>sabem que ocupar-se de totes aquestes tasques no sempre \u00e9s plat de bon gust per als nostres clients i, encara que ho sigui, considerem que \u00e9s el nostre deure fer-les nosaltres mateixos. Per aix\u00f2, a l&#8217;hora d&#8217;instal\u00b7lar un\u00a0<b>ascensor a Castelldefels\u00a0<\/b>seran els nostres professionals els que elaboraran un estudi arquitect\u00f2nic de l&#8217;estructura de l&#8217;edifici, realitzaran qualsevol tr\u00e0mit administratiu que sigui necessari i informar els clients sobre qualsevol ajuda o subvenci\u00f3 existent que els suposi un estalvi en la factura final.<\/p><p class=\"western\" align=\"justify\">La nostra companyia presta els seus serveis en\u00a0<a href=\"https:\/\/ascensorestroisi.com\/ca\/sant-andreu-de-la-barca\/\">Sant Andreu de la Barca\u00a0<\/a>, Vilafranca del Pened\u00e8s, l&#8217;Hospitalet de Llobregat i tota la prov\u00edncia de Barcelona.<\/p>\t\t\t\t\t\t<\/div>\n\t\t\t\t<\/div>\n\t\t\t\t\t<\/div>\n\t\t<\/div>\n\t\t\t\t\t<\/div>\n\t\t<\/section>\n\t\t\t\t<section class=\"elementor-section elementor-top-section elementor-element elementor-element-755b7ed4 elementor-section-boxed elementor-section-height-default elementor-section-height-default\" data-id=\"755b7ed4\" data-element_type=\"section\" data-settings=\"{&quot;background_background&quot;:&quot;classic&quot;}\">\n\t\t\t\t\t\t<div class=\"elementor-container elementor-column-gap-wider\">\n\t\t\t\t\t<div class=\"elementor-column elementor-col-50 elementor-top-column elementor-element elementor-element-376860dd\" data-id=\"376860dd\" data-element_type=\"column\">\n\t\t\t<div class=\"elementor-widget-wrap elementor-element-populated\">\n\t\t\t\t\t\t<div class=\"elementor-element elementor-element-f4075c4 elementor-widget elementor-widget-heading\" data-id=\"f4075c4\" data-element_type=\"widget\" data-widget_type=\"heading.default\">\n\t\t\t\t<div class=\"elementor-widget-container\">\n\t\t\t<h2 class=\"elementor-heading-title elementor-size-default\">contacte amb nosaltres<\/h2>\t\t<\/div>\n\t\t\t\t<\/div>\n\t\t\t\t<div class=\"elementor-element elementor-element-1df93bbe elementor-widget elementor-widget-text-editor\" data-id=\"1df93bbe\" data-element_type=\"widget\" data-widget_type=\"text-editor.default\">\n\t\t\t\t<div class=\"elementor-widget-container\">\n\t\t\t\t\t\t\t<p>Si teniu qualsevol dubte o necessiteu un pressupost, no dubteu a contactar amb nosaltres via telef\u00f2nica o pel nostre formulari web.<\/p>\t\t\t\t\t\t<\/div>\n\t\t\t\t<\/div>\n\t\t\t\t<div class=\"elementor-element elementor-element-238d86d8 elementor-align-center elementor-mobile-align-center elementor-widget elementor-widget-button\" data-id=\"238d86d8\" data-element_type=\"widget\" data-widget_type=\"button.default\">\n\t\t\t\t<div class=\"elementor-widget-container\">\n\t\t\t\t\t<div class=\"elementor-button-wrapper\">\n\t\t\t<a class=\"elementor-button elementor-button-link elementor-size-sm\" href=\"tel:933527072\">\n\t\t\t\t\t\t<span class=\"elementor-button-content-wrapper\">\n\t\t\t\t\t\t<span class=\"elementor-button-icon elementor-align-icon-right\">\n\t\t\t\t<svg aria-hidden=\"true\" class=\"e-font-icon-svg e-fas-phone\" viewBox=\"0 0 512 512\" xmlns=\"http:\/\/www.w3.org\/2000\/svg\"><path d=\"M493.4 24.6l-104-24c-11.3-2.6-22.9 3.3-27.5 13.9l-48 112c-4.2 9.8-1.4 21.3 6.9 28l60.6 49.6c-36 76.7-98.9 140.5-177.2 177.2l-49.6-60.6c-6.8-8.3-18.2-11.1-28-6.9l-112 48C3.9 366.5-2 378.1.6 389.4l24 104C27.1 504.2 36.7 512 48 512c256.1 0 464-207.5 464-464 0-11.2-7.7-20.9-18.6-23.4z\"><\/path><\/svg>\t\t\t<\/span>\n\t\t\t\t\t\t\t\t\t<span class=\"elementor-button-text\">TRUCA'NS AL 933 52 70 72<\/span>\n\t\t\t\t\t<\/span>\n\t\t\t\t\t<\/a>\n\t\t<\/div>\n\t\t\t\t<\/div>\n\t\t\t\t<\/div>\n\t\t\t\t\t<\/div>\n\t\t<\/div>\n\t\t\t\t<div class=\"elementor-column elementor-col-50 elementor-top-column elementor-element elementor-element-66cc2526\" data-id=\"66cc2526\" data-element_type=\"column\" data-settings=\"{&quot;background_background&quot;:&quot;classic&quot;}\">\n\t\t\t<div class=\"elementor-widget-wrap elementor-element-populated\">\n\t\t\t\t\t\t<div class=\"elementor-element elementor-element-6a11d9c0 elementor-widget elementor-widget-image\" data-id=\"6a11d9c0\" data-element_type=\"widget\" data-widget_type=\"image.default\">\n\t\t\t\t<div class=\"elementor-widget-container\">\n\t\t\t\t\t\t\t\t\t\t\t\t\t<img loading=\"lazy\" decoding=\"async\" width=\"894\" height=\"448\" src=\"https:\/\/ascensorestroisi.com\/ca\/wp-content\/uploads\/2024\/04\/contacta_ascensores_troisi.webp\" class=\"attachment-full size-full wp-image-405\" alt=\"contacta ascensors troisi\" srcset=\"https:\/\/ascensorestroisi.com\/ca\/wp-content\/uploads\/2024\/04\/contacta_ascensores_troisi.webp 894w, https:\/\/ascensorestroisi.com\/ca\/wp-content\/uploads\/2024\/04\/contacta_ascensores_troisi-300x150.webp 300w, https:\/\/ascensorestroisi.com\/ca\/wp-content\/uploads\/2024\/04\/contacta_ascensores_troisi-768x385.webp 768w\" sizes=\"(max-width: 894px) 100vw, 894px\" \/>\t\t\t\t\t\t\t\t\t\t\t\t\t<\/div>\n\t\t\t\t<\/div>\n\t\t\t\t\t<\/div>\n\t\t<\/div>\n\t\t\t\t\t<\/div>\n\t\t<\/section>\n\t\t\t\t<\/div>\n\t\t","protected":false},"excerpt":{"rendered":"<p>Ascensor CASTELLDEFELS LA SEVA FINCA, ENCARA NO T\u00c9 ASCENSOR?, TROISI ASCENSORS, ELS OFEREIX LA SOLUCI\u00d3. CONTACTEU-NOS SENSE COMPROM\u00cdS A l&#8217;hora [&hellip;]<\/p>\n","protected":false},"author":1,"featured_media":0,"parent":0,"menu_order":0,"comment_status":"closed","ping_status":"closed","template":"elementor_header_footer","meta":{"site-sidebar-layout":"no-sidebar","site-content-layout":"","ast-site-content-layout":"full-width-container","site-content-style":"default","site-sidebar-style":"default","ast-global-header-display":"","ast-banner-title-visibility":"","ast-main-header-display":"","ast-hfb-above-header-display":"","ast-hfb-below-header-display":"","ast-hfb-mobile-header-display":"","site-post-title":"disabled","ast-breadcrumbs-content":"","ast-featured-img":"disabled","footer-sml-layout":"","theme-transparent-header-meta":"","adv-header-id-meta":"","stick-header-meta":"","header-above-stick-meta":"","header-main-stick-meta":"","header-below-stick-meta":"","astra-migrate-meta-layouts":"default","ast-page-background-enabled":"default","ast-page-background-meta":{"desktop":{"background-color":"var(--ast-global-color-4)","background-image":"","background-repeat":"repeat","background-position":"center center","background-size":"auto","background-attachment":"scroll","background-type":"","background-media":"","overlay-type":"","overlay-color":"","overlay-gradient":""},"tablet":{"background-color":"","background-image":"","background-repeat":"repeat","background-position":"center center","background-size":"auto","background-attachment":"scroll","background-type":"","background-media":"","overlay-type":"","overlay-color":"","overlay-gradient":""},"mobile":{"background-color":"","background-image":"","background-repeat":"repeat","background-position":"center center","background-size":"auto","background-attachment":"scroll","background-type":"","background-media":"","overlay-type":"","overlay-color":"","overlay-gradient":""}},"ast-content-background-meta":{"desktop":{"background-color":"var(--ast-global-color-5)","background-image":"","background-repeat":"repeat","background-position":"center center","background-size":"auto","background-attachment":"scroll","background-type":"","background-media":"","overlay-type":"","overlay-color":"","overlay-gradient":""},"tablet":{"background-color":"var(--ast-global-color-5)","background-image":"","background-repeat":"repeat","background-position":"center center","background-size":"auto","background-attachment":"scroll","background-type":"","background-media":"","overlay-type":"","overlay-color":"","overlay-gradient":""},"mobile":{"background-color":"var(--ast-global-color-5)","background-image":"","background-repeat":"repeat","background-position":"center center","background-size":"auto","background-attachment":"scroll","background-type":"","background-media":"","overlay-type":"","overlay-color":"","overlay-gradient":""}},"footnotes":""},"class_list":["post-506","page","type-page","status-publish","hentry"],"yoast_head":"<!-- This site is optimized with the Yoast SEO plugin v23.0 - https:\/\/yoast.com\/wordpress\/plugins\/seo\/ -->\n<title>Empresa ascensors Castelldefels. Manteniment elevador<\/title>\n<meta name=\"description\" content=\"ASCENSORS TROISI. Ascensor Castelldefels. Grup de professionals en la conservaci\u00f3, modernitzaci\u00f3 i manteniment d&#039;ascensors a Castelldefels\" \/>\n<meta name=\"robots\" content=\"index, follow, max-snippet:-1, max-image-preview:large, max-video-preview:-1\" \/>\n<link rel=\"canonical\" href=\"https:\/\/ascensorestroisi.com\/ca\/castelldefels\/\" \/>\n<meta property=\"og:locale\" content=\"es_ES\" \/>\n<meta property=\"og:type\" content=\"article\" \/>\n<meta property=\"og:title\" content=\"Empresa ascensors Castelldefels. Manteniment elevador\" \/>\n<meta property=\"og:description\" content=\"ASCENSORS TROISI. Ascensor Castelldefels. Grup de professionals en la conservaci\u00f3, modernitzaci\u00f3 i manteniment d&#039;ascensors a Castelldefels\" \/>\n<meta property=\"og:url\" content=\"https:\/\/ascensorestroisi.com\/ca\/castelldefels\/\" \/>\n<meta property=\"article:modified_time\" content=\"2024-07-17T14:21:17+00:00\" \/>\n<meta property=\"og:image\" content=\"https:\/\/ascensorestroisi.com\/ca\/wp-content\/uploads\/2024\/04\/forma_hero_detras.webp\" \/>\n<meta name=\"twitter:card\" content=\"summary_large_image\" \/>\n<meta name=\"twitter:label1\" content=\"Tiempo de lectura\" \/>\n\t<meta name=\"twitter:data1\" content=\"2 minutos\" \/>\n<script type=\"application\/ld+json\" class=\"yoast-schema-graph\">{\"@context\":\"https:\/\/schema.org\",\"@graph\":[{\"@type\":\"WebPage\",\"@id\":\"https:\/\/ascensorestroisi.com\/ca\/castelldefels\/\",\"url\":\"https:\/\/ascensorestroisi.com\/ca\/castelldefels\/\",\"name\":\"Empresa ascensors Castelldefels. Manteniment elevador\",\"isPartOf\":{\"@id\":\"https:\/\/ascensorestroisi.com\/ca\/#website\"},\"primaryImageOfPage\":{\"@id\":\"https:\/\/ascensorestroisi.com\/ca\/castelldefels\/#primaryimage\"},\"image\":{\"@id\":\"https:\/\/ascensorestroisi.com\/ca\/castelldefels\/#primaryimage\"},\"thumbnailUrl\":\"https:\/\/ascensorestroisi.com\/ca\/wp-content\/uploads\/2024\/04\/forma_hero_detras.webp\",\"datePublished\":\"2024-04-29T11:15:20+00:00\",\"dateModified\":\"2024-07-17T14:21:17+00:00\",\"description\":\"ASCENSORS TROISI. Ascensor Castelldefels. Grup de professionals en la conservaci\u00f3, modernitzaci\u00f3 i manteniment d'ascensors a Castelldefels\",\"breadcrumb\":{\"@id\":\"https:\/\/ascensorestroisi.com\/ca\/castelldefels\/#breadcrumb\"},\"inLanguage\":\"es\",\"potentialAction\":[{\"@type\":\"ReadAction\",\"target\":[\"https:\/\/ascensorestroisi.com\/ca\/castelldefels\/\"]}]},{\"@type\":\"ImageObject\",\"inLanguage\":\"es\",\"@id\":\"https:\/\/ascensorestroisi.com\/ca\/castelldefels\/#primaryimage\",\"url\":\"https:\/\/ascensorestroisi.com\/ca\/wp-content\/uploads\/2024\/04\/forma_hero_detras.webp\",\"contentUrl\":\"https:\/\/ascensorestroisi.com\/ca\/wp-content\/uploads\/2024\/04\/forma_hero_detras.webp\",\"width\":1254,\"height\":1254,\"caption\":\"forma hero detras\"},{\"@type\":\"BreadcrumbList\",\"@id\":\"https:\/\/ascensorestroisi.com\/ca\/castelldefels\/#breadcrumb\",\"itemListElement\":[{\"@type\":\"ListItem\",\"position\":1,\"name\":\"Portada\",\"item\":\"https:\/\/ascensorestroisi.com\/ca\/\"},{\"@type\":\"ListItem\",\"position\":2,\"name\":\"ASCENSOR CASTELLDEFELS\"}]},{\"@type\":\"WebSite\",\"@id\":\"https:\/\/ascensorestroisi.com\/ca\/#website\",\"url\":\"https:\/\/ascensorestroisi.com\/ca\/\",\"name\":\"\",\"description\":\"\",\"potentialAction\":[{\"@type\":\"SearchAction\",\"target\":{\"@type\":\"EntryPoint\",\"urlTemplate\":\"https:\/\/ascensorestroisi.com\/ca\/?s={search_term_string}\"},\"query-input\":\"required name=search_term_string\"}],\"inLanguage\":\"es\"}]}<\/script>\n<!-- \/ Yoast SEO plugin. -->","yoast_head_json":{"title":"Empresa ascensors Castelldefels. Manteniment elevador","description":"ASCENSORS TROISI. Ascensor Castelldefels. Grup de professionals en la conservaci\u00f3, modernitzaci\u00f3 i manteniment d'ascensors a Castelldefels","robots":{"index":"index","follow":"follow","max-snippet":"max-snippet:-1","max-image-preview":"max-image-preview:large","max-video-preview":"max-video-preview:-1"},"canonical":"https:\/\/ascensorestroisi.com\/ca\/castelldefels\/","og_locale":"es_ES","og_type":"article","og_title":"Empresa ascensors Castelldefels. Manteniment elevador","og_description":"ASCENSORS TROISI. Ascensor Castelldefels. Grup de professionals en la conservaci\u00f3, modernitzaci\u00f3 i manteniment d'ascensors a Castelldefels","og_url":"https:\/\/ascensorestroisi.com\/ca\/castelldefels\/","article_modified_time":"2024-07-17T14:21:17+00:00","og_image":[{"url":"https:\/\/ascensorestroisi.com\/ca\/wp-content\/uploads\/2024\/04\/forma_hero_detras.webp"}],"twitter_card":"summary_large_image","twitter_misc":{"Tiempo de lectura":"2 minutos"},"schema":{"@context":"https:\/\/schema.org","@graph":[{"@type":"WebPage","@id":"https:\/\/ascensorestroisi.com\/ca\/castelldefels\/","url":"https:\/\/ascensorestroisi.com\/ca\/castelldefels\/","name":"Empresa ascensors Castelldefels. Manteniment elevador","isPartOf":{"@id":"https:\/\/ascensorestroisi.com\/ca\/#website"},"primaryImageOfPage":{"@id":"https:\/\/ascensorestroisi.com\/ca\/castelldefels\/#primaryimage"},"image":{"@id":"https:\/\/ascensorestroisi.com\/ca\/castelldefels\/#primaryimage"},"thumbnailUrl":"https:\/\/ascensorestroisi.com\/ca\/wp-content\/uploads\/2024\/04\/forma_hero_detras.webp","datePublished":"2024-04-29T11:15:20+00:00","dateModified":"2024-07-17T14:21:17+00:00","description":"ASCENSORS TROISI. Ascensor Castelldefels. Grup de professionals en la conservaci\u00f3, modernitzaci\u00f3 i manteniment d'ascensors a Castelldefels","breadcrumb":{"@id":"https:\/\/ascensorestroisi.com\/ca\/castelldefels\/#breadcrumb"},"inLanguage":"es","potentialAction":[{"@type":"ReadAction","target":["https:\/\/ascensorestroisi.com\/ca\/castelldefels\/"]}]},{"@type":"ImageObject","inLanguage":"es","@id":"https:\/\/ascensorestroisi.com\/ca\/castelldefels\/#primaryimage","url":"https:\/\/ascensorestroisi.com\/ca\/wp-content\/uploads\/2024\/04\/forma_hero_detras.webp","contentUrl":"https:\/\/ascensorestroisi.com\/ca\/wp-content\/uploads\/2024\/04\/forma_hero_detras.webp","width":1254,"height":1254,"caption":"forma hero detras"},{"@type":"BreadcrumbList","@id":"https:\/\/ascensorestroisi.com\/ca\/castelldefels\/#breadcrumb","itemListElement":[{"@type":"ListItem","position":1,"name":"Portada","item":"https:\/\/ascensorestroisi.com\/ca\/"},{"@type":"ListItem","position":2,"name":"ASCENSOR CASTELLDEFELS"}]},{"@type":"WebSite","@id":"https:\/\/ascensorestroisi.com\/ca\/#website","url":"https:\/\/ascensorestroisi.com\/ca\/","name":"","description":"","potentialAction":[{"@type":"SearchAction","target":{"@type":"EntryPoint","urlTemplate":"https:\/\/ascensorestroisi.com\/ca\/?s={search_term_string}"},"query-input":"required name=search_term_string"}],"inLanguage":"es"}]}},"_links":{"self":[{"href":"https:\/\/ascensorestroisi.com\/ca\/wp-json\/wp\/v2\/pages\/506","targetHints":{"allow":["GET"]}}],"collection":[{"href":"https:\/\/ascensorestroisi.com\/ca\/wp-json\/wp\/v2\/pages"}],"about":[{"href":"https:\/\/ascensorestroisi.com\/ca\/wp-json\/wp\/v2\/types\/page"}],"author":[{"embeddable":true,"href":"https:\/\/ascensorestroisi.com\/ca\/wp-json\/wp\/v2\/users\/1"}],"replies":[{"embeddable":true,"href":"https:\/\/ascensorestroisi.com\/ca\/wp-json\/wp\/v2\/comments?post=506"}],"version-history":[{"count":7,"href":"https:\/\/ascensorestroisi.com\/ca\/wp-json\/wp\/v2\/pages\/506\/revisions"}],"predecessor-version":[{"id":1044,"href":"https:\/\/ascensorestroisi.com\/ca\/wp-json\/wp\/v2\/pages\/506\/revisions\/1044"}],"wp:attachment":[{"href":"https:\/\/ascensorestroisi.com\/ca\/wp-json\/wp\/v2\/media?parent=506"}],"curies":[{"name":"wp","href":"https:\/\/api.w.org\/{rel}","templated":true}]}}